{"id":36544,"date":"2025-02-05T10:44:58","date_gmt":"2025-02-05T08:44:58","guid":{"rendered":"https:\/\/foreststeel.ee\/tooted\/puoliperavaunuja\/"},"modified":"2025-02-05T10:44:58","modified_gmt":"2025-02-05T08:44:58","slug":"puoliperavaunuja","status":"publish","type":"product","link":"https:\/\/www.foreststeel.ee\/fi\/tuotteet\/puoliperavaunuja\/","title":{"rendered":"Puoliper\u00e4vaunuja, 2018-2020"},"content":{"rendered":"","protected":false},"excerpt":{"rendered":"<p><span class=\"ng-star-inserted\" style=\"font-size: 12pt;\">Myyd\u00e4\u00e4n puoliper\u00e4vaunuja ilman puutavarapankkoja! Valmistusvuodet 2018-2020.<\/span><\/p>\n<p><span class=\"ng-star-inserted\" style=\"font-size: 12pt;\">Hinta 12 000 \u20ac\/kpl. Ota yhteytt\u00e4 saadaksesi lis\u00e4tietoja!<\/span><\/p>\n","protected":false},"featured_media":36537,"template":"","meta":[],"product_brand":[],"product_cat":[341],"product_tag":[],"class_list":{"0":"post-36544","1":"product","2":"type-product","3":"status-publish","4":"has-post-thumbnail","6":"product_cat-kaytetyt-metsakoneet","8":"first","9":"instock","10":"taxable","11":"shipping-taxable","12":"product-type-simple"},"_links":{"self":[{"href":"https:\/\/www.foreststeel.ee\/fi\/wp-json\/wp\/v2\/product\/36544","targetHints":{"allow":["GET"]}}],"collection":[{"href":"https:\/\/www.foreststeel.ee\/fi\/wp-json\/wp\/v2\/product"}],"about":[{"href":"https:\/\/www.foreststeel.ee\/fi\/wp-json\/wp\/v2\/types\/product"}],"wp:featuredmedia":[{"embeddable":true,"href":"https:\/\/www.foreststeel.ee\/fi\/wp-json\/wp\/v2\/media\/36537"}],"wp:attachment":[{"href":"https:\/\/www.foreststeel.ee\/fi\/wp-json\/wp\/v2\/media?parent=36544"}],"wp:term":[{"taxonomy":"product_brand","embeddable":true,"href":"https:\/\/www.foreststeel.ee\/fi\/wp-json\/wp\/v2\/product_brand?post=36544"},{"taxonomy":"product_cat","embeddable":true,"href":"https:\/\/www.foreststeel.ee\/fi\/wp-json\/wp\/v2\/product_cat?post=36544"},{"taxonomy":"product_tag","embeddable":true,"href":"https:\/\/www.foreststeel.ee\/fi\/wp-json\/wp\/v2\/product_tag?post=36544"}],"curies":[{"name":"wp","href":"https:\/\/api.w.org\/{rel}","templated":true}]}}