{"id":36505,"date":"2025-02-04T14:53:04","date_gmt":"2025-02-04T12:53:04","guid":{"rendered":"https:\/\/foreststeel.ee\/tooted\/puutavaranosturi-6\/"},"modified":"2025-02-04T14:53:04","modified_gmt":"2025-02-04T12:53:04","slug":"puutavaranosturi-6","status":"publish","type":"product","link":"https:\/\/www.foreststeel.ee\/fi\/tuotteet\/puutavaranosturi-6\/","title":{"rendered":"Puutavaranosturi KESLA 2214ZT 2022"},"content":{"rendered":"","protected":false},"excerpt":{"rendered":"<p><span class=\"ng-star-inserted\" style=\"font-size: 12pt;\">KESLA 2214ZT -puutavaranosturi on varustettu LS-hydrauliikalla ja 4-vipuisella manuaaliohjauksella. Ollut vain esittelyk\u00e4yt\u00f6ss\u00e4.<\/span><\/p>\n<p><span style=\"font-size: 12pt;\">Hinta 55 500 \u20ac. Kysy lis\u00e4tietoja!<\/span><\/p>\n","protected":false},"featured_media":36508,"template":"","meta":[],"product_brand":[],"product_cat":[341],"product_tag":[],"class_list":{"0":"post-36505","1":"product","2":"type-product","3":"status-publish","4":"has-post-thumbnail","6":"product_cat-kaytetyt-metsakoneet","8":"first","9":"instock","10":"taxable","11":"shipping-taxable","12":"product-type-simple"},"_links":{"self":[{"href":"https:\/\/www.foreststeel.ee\/fi\/wp-json\/wp\/v2\/product\/36505","targetHints":{"allow":["GET"]}}],"collection":[{"href":"https:\/\/www.foreststeel.ee\/fi\/wp-json\/wp\/v2\/product"}],"about":[{"href":"https:\/\/www.foreststeel.ee\/fi\/wp-json\/wp\/v2\/types\/product"}],"wp:featuredmedia":[{"embeddable":true,"href":"https:\/\/www.foreststeel.ee\/fi\/wp-json\/wp\/v2\/media\/36508"}],"wp:attachment":[{"href":"https:\/\/www.foreststeel.ee\/fi\/wp-json\/wp\/v2\/media?parent=36505"}],"wp:term":[{"taxonomy":"product_brand","embeddable":true,"href":"https:\/\/www.foreststeel.ee\/fi\/wp-json\/wp\/v2\/product_brand?post=36505"},{"taxonomy":"product_cat","embeddable":true,"href":"https:\/\/www.foreststeel.ee\/fi\/wp-json\/wp\/v2\/product_cat?post=36505"},{"taxonomy":"product_tag","embeddable":true,"href":"https:\/\/www.foreststeel.ee\/fi\/wp-json\/wp\/v2\/product_tag?post=36505"}],"curies":[{"name":"wp","href":"https:\/\/api.w.org\/{rel}","templated":true}]}}