{"id":36473,"date":"2025-02-04T12:48:42","date_gmt":"2025-02-04T10:48:42","guid":{"rendered":"https:\/\/foreststeel.ee\/tooted\/puutavaranosturi-5\/"},"modified":"2025-02-05T11:01:53","modified_gmt":"2025-02-05T09:01:53","slug":"puutavaranosturi-5","status":"publish","type":"product","link":"https:\/\/www.foreststeel.ee\/fi\/tuotteet\/puutavaranosturi-5\/","title":{"rendered":"Puutavaranosturi Loglift 125ZT 2017"},"content":{"rendered":"","protected":false},"excerpt":{"rendered":"<p><span class=\"ng-star-inserted\" style=\"font-size: 12pt;\">Myyd\u00e4\u00e4n LOGLFT 125ZT 2017 LS-hydrauliikalla, Rexroth-venttiileill\u00e4, X53-kouralla ja 2-vipuisella manuaaliohjauksella.<\/span><\/p>\n<p>Hinta 23.400\u20ac. Kysy lis\u00e4tietoja!<\/p>\n","protected":false},"featured_media":36454,"template":"","meta":[],"product_brand":[],"product_cat":[341],"product_tag":[],"class_list":{"0":"post-36473","1":"product","2":"type-product","3":"status-publish","4":"has-post-thumbnail","6":"product_cat-kaytetyt-metsakoneet","8":"first","9":"instock","10":"taxable","11":"shipping-taxable","12":"product-type-simple"},"_links":{"self":[{"href":"https:\/\/www.foreststeel.ee\/fi\/wp-json\/wp\/v2\/product\/36473","targetHints":{"allow":["GET"]}}],"collection":[{"href":"https:\/\/www.foreststeel.ee\/fi\/wp-json\/wp\/v2\/product"}],"about":[{"href":"https:\/\/www.foreststeel.ee\/fi\/wp-json\/wp\/v2\/types\/product"}],"wp:featuredmedia":[{"embeddable":true,"href":"https:\/\/www.foreststeel.ee\/fi\/wp-json\/wp\/v2\/media\/36454"}],"wp:attachment":[{"href":"https:\/\/www.foreststeel.ee\/fi\/wp-json\/wp\/v2\/media?parent=36473"}],"wp:term":[{"taxonomy":"product_brand","embeddable":true,"href":"https:\/\/www.foreststeel.ee\/fi\/wp-json\/wp\/v2\/product_brand?post=36473"},{"taxonomy":"product_cat","embeddable":true,"href":"https:\/\/www.foreststeel.ee\/fi\/wp-json\/wp\/v2\/product_cat?post=36473"},{"taxonomy":"product_tag","embeddable":true,"href":"https:\/\/www.foreststeel.ee\/fi\/wp-json\/wp\/v2\/product_tag?post=36473"}],"curies":[{"name":"wp","href":"https:\/\/api.w.org\/{rel}","templated":true}]}}